{"id":219,"date":"2023-05-28T20:29:53","date_gmt":"2023-05-28T23:29:53","guid":{"rendered":"https:\/\/ambf.com.br\/congresso\/?page_id=219"},"modified":"2025-06-17T17:15:23","modified_gmt":"2025-06-17T20:15:23","slug":"faca-sua-inscricao-3","status":"publish","type":"page","link":"https:\/\/ambf.com.br\/congresso\/?page_id=219","title":{"rendered":"FA\u00c7A SUA INSCRI\u00c7\u00c3O"},"content":{"rendered":"\n<h1 class=\"wp-block-heading\">FA\u00c7A SUA INSCRI\u00c7\u00c3O<\/h1>\n\n\n\n<h2 class=\"wp-block-heading\">Para come\u00e7ar envie seu comprovante de pagamento<\/h2>\n\n\n\n<p class=\"has-virtue-primary-light-background-color has-background\">Fa\u00e7a seu pagamento por <strong>TRANSFER\u00caNCIA POR PIX<\/strong> ****Chave: CNPJ: 04.611.704\/0001-51****<br>ou veja mais informa\u00e7\u00f5es na p\u00e1gina <a href=\"https:\/\/ambf.com.br\/congresso\/?page_id=54\" data-type=\"page\" data-id=\"54\">VALOR<\/a> <br>Guarde seu comprovante de pagamento. Ele tamb\u00e9m \u00e9 a garantia de sua inscri\u00e7\u00e3o, caso haja algum problema.<\/p>\n\n\n\n<div class=\"wp-block-contact-form-7-contact-form-selector\">\n<div class=\"wpcf7 no-js\" id=\"wpcf7-f218-o1\" lang=\"pt-BR\" dir=\"ltr\">\n<div class=\"screen-reader-response\"><p role=\"status\" aria-live=\"polite\" aria-atomic=\"true\"><\/p> <ul><\/ul><\/div>\n<form action=\"\/congresso\/index.php?rest_route=%2Fwp%2Fv2%2Fpages%2F219#wpcf7-f218-o1\" method=\"post\" class=\"wpcf7-form init\" aria-label=\"Formul\u00e1rios de contato\" enctype=\"multipart\/form-data\" novalidate=\"novalidate\" data-status=\"init\">\n<div style=\"display: none;\">\n<input type=\"hidden\" name=\"_wpcf7\" value=\"218\" \/>\n<input type=\"hidden\" name=\"_wpcf7_version\" value=\"5.7.6\" \/>\n<input type=\"hidden\" name=\"_wpcf7_locale\" value=\"pt_BR\" \/>\n<input type=\"hidden\" name=\"_wpcf7_unit_tag\" value=\"wpcf7-f218-o1\" \/>\n<input type=\"hidden\" name=\"_wpcf7_container_post\" value=\"0\" \/>\n<input type=\"hidden\" name=\"_wpcf7_posted_data_hash\" value=\"\" \/>\n<\/div>\n<p><script>\n document.addEventListener('wpcf7mailsent', function (Event) {\n location = 'https:\/\/ambf.com.br\/congresso\/?page_id=52';\n }, false);\n<\/script>\n<\/p>\n<p><label> Nome completo: (Obrigat\u00f3rio)<br \/>\n<span class=\"wpcf7-form-control-wrap\" data-name=\"your-name\"><input size=\"40\" class=\"wpcf7-form-control wpcf7-text wpcf7-validates-as-required\" autocomplete=\"name\" aria-required=\"true\" aria-invalid=\"false\" value=\"\" type=\"text\" name=\"your-name\" \/><\/span> <\/label>\n<\/p>\n<p><label> Email: (Obrigat\u00f3rio)<br \/>\n<span class=\"wpcf7-form-control-wrap\" data-name=\"your-email\"><input size=\"40\" class=\"wpcf7-form-control wpcf7-text wpcf7-email wpcf7-validates-as-required wpcf7-validates-as-email\" autocomplete=\"email\" aria-required=\"true\" aria-invalid=\"false\" value=\"\" type=\"email\" name=\"your-email\" \/><\/span> <\/label>\n<\/p>\n<p><label> Data de pagamento:<br \/>\n<span class=\"wpcf7-form-control-wrap\" data-name=\"data-pagamento\"><input class=\"wpcf7-form-control wpcf7-date wpcf7-validates-as-date\" min=\"2024-01-01\" aria-invalid=\"false\" value=\"\" type=\"date\" name=\"data-pagamento\" \/><\/span> <\/label>\n<\/p>\n<p><label> Tipo de Pagamento<br \/>\n<span class=\"wpcf7-form-control-wrap\" data-name=\"tipo-pagamento\"><span class=\"wpcf7-form-control wpcf7-radio\"><span class=\"wpcf7-list-item first\"><input type=\"radio\" name=\"tipo-pagamento\" value=\"A - At\u00e9 31 de julho - R$ 300,00 - Inscri\u00e7\u00e3o\" \/><span class=\"wpcf7-list-item-label\">A - At\u00e9 31 de julho - R$ 300,00 - Inscri\u00e7\u00e3o<\/span><\/span><span class=\"wpcf7-list-item\"><input type=\"radio\" name=\"tipo-pagamento\" value=\"B - At\u00e9 31 de julho - R$ 400,00 - Inscri\u00e7\u00e3o, Hospedagem e Alimenta\u00e7\u00e3o\" \/><span class=\"wpcf7-list-item-label\">B - At\u00e9 31 de julho - R$ 400,00 - Inscri\u00e7\u00e3o, Hospedagem e Alimenta\u00e7\u00e3o<\/span><\/span><span class=\"wpcf7-list-item\"><input type=\"radio\" name=\"tipo-pagamento\" value=\"C - At\u00e9 31 de agosto - R$ 340,00 - Inscri\u00e7\u00e3o\" \/><span class=\"wpcf7-list-item-label\">C - At\u00e9 31 de agosto - R$ 340,00 - Inscri\u00e7\u00e3o<\/span><\/span><span class=\"wpcf7-list-item\"><input type=\"radio\" name=\"tipo-pagamento\" value=\"D - At\u00e9 31 de agosto - R$ 440,00 - Inscri\u00e7\u00e3o, Hospedagem e Alimenta\u00e7\u00e3o\" \/><span class=\"wpcf7-list-item-label\">D - At\u00e9 31 de agosto - R$ 440,00 - Inscri\u00e7\u00e3o, Hospedagem e Alimenta\u00e7\u00e3o<\/span><\/span><span class=\"wpcf7-list-item\"><input type=\"radio\" name=\"tipo-pagamento\" value=\"E - At\u00e9 30 de setembro - R$ 380,00 - Inscri\u00e7\u00e3o\" \/><span class=\"wpcf7-list-item-label\">E - At\u00e9 30 de setembro - R$ 380,00 - Inscri\u00e7\u00e3o<\/span><\/span><span class=\"wpcf7-list-item\"><input type=\"radio\" name=\"tipo-pagamento\" value=\"F - At\u00e9 30 de setembro - R$ 480,00 - Inscri\u00e7\u00e3o, Hospedagem e Alimenta\u00e7\u00e3o\" \/><span class=\"wpcf7-list-item-label\">F - At\u00e9 30 de setembro - R$ 480,00 - Inscri\u00e7\u00e3o, Hospedagem e Alimenta\u00e7\u00e3o<\/span><\/span><span class=\"wpcf7-list-item\"><input type=\"radio\" name=\"tipo-pagamento\" value=\"G - A partir de 1\u00ba de outubro (SE HOUVER VAGAS) - R$ 400,00 - Inscri\u00e7\u00e3o\" \/><span class=\"wpcf7-list-item-label\">G - A partir de 1\u00ba de outubro (SE HOUVER VAGAS) - R$ 400,00 - Inscri\u00e7\u00e3o<\/span><\/span><span class=\"wpcf7-list-item last\"><input type=\"radio\" name=\"tipo-pagamento\" value=\"H - A partir de 1\u00ba de outubro (SE HOUVER VAGAS)  - R$ 500,00 - Inscri\u00e7\u00e3o, Hospedagem e Alimenta\u00e7\u00e3o\" \/><span class=\"wpcf7-list-item-label\">H - A partir de 1\u00ba de outubro (SE HOUVER VAGAS)  - R$ 500,00 - Inscri\u00e7\u00e3o, Hospedagem e Alimenta\u00e7\u00e3o<\/span><\/span><\/span><\/span><\/label>\n<\/p>\n<p><label> Envie seu comprovante (PDF, TXT, JPG, PNG - limite 5mb):<br \/>\n<span class=\"wpcf7-form-control-wrap\" data-name=\"comprovante\"><input size=\"40\" class=\"wpcf7-form-control wpcf7-file\" accept=\".pdf,.txt,.jpg,.png,.jpeg\" aria-invalid=\"false\" type=\"file\" name=\"comprovante\" \/><\/span><\/label>\n<\/p>\n<p><label> Sua mensagem (opcional)<br \/>\n<span class=\"wpcf7-form-control-wrap\" data-name=\"your-message\"><textarea cols=\"40\" rows=\"10\" class=\"wpcf7-form-control wpcf7-textarea\" aria-invalid=\"false\" name=\"your-message\"><\/textarea><\/span> <\/label>\n<\/p>\n<p><input class=\"wpcf7-form-control has-spinner wpcf7-submit\" type=\"submit\" value=\"Enviar\" \/>\n<\/p><div class=\"wpcf7-response-output\" aria-hidden=\"true\"><\/div>\n<\/form>\n<\/div>\n<\/div>\n\n\n\n<p><\/p>\n","protected":false},"excerpt":{"rendered":"<p>FA\u00c7A SUA INSCRI\u00c7\u00c3O Para come\u00e7ar envie seu comprovante de pagamento Fa\u00e7a seu pagamento por TRANSFER\u00caNCIA POR PIX ****Chave: CNPJ: 04.611.704\/0001-51****ou veja mais informa\u00e7\u00f5es na p\u00e1gina VALOR Guarde seu comprovante de pagamento. Ele tamb\u00e9m \u00e9 a garantia de sua inscri\u00e7\u00e3o, caso &hellip; <a href=\"https:\/\/ambf.com.br\/congresso\/?page_id=219\">Conte\u00fado<\/a><\/p>\n","protected":false},"author":1,"featured_media":0,"parent":0,"menu_order":0,"comment_status":"open","ping_status":"closed","template":"","meta":{"kt_blocks_editor_width":"","footnotes":""},"class_list":["post-219","page","type-page","status-publish","hentry"],"_links":{"self":[{"href":"https:\/\/ambf.com.br\/congresso\/index.php?rest_route=\/wp\/v2\/pages\/219","targetHints":{"allow":["GET"]}}],"collection":[{"href":"https:\/\/ambf.com.br\/congresso\/index.php?rest_route=\/wp\/v2\/pages"}],"about":[{"href":"https:\/\/ambf.com.br\/congresso\/index.php?rest_route=\/wp\/v2\/types\/page"}],"author":[{"embeddable":true,"href":"https:\/\/ambf.com.br\/congresso\/index.php?rest_route=\/wp\/v2\/users\/1"}],"replies":[{"embeddable":true,"href":"https:\/\/ambf.com.br\/congresso\/index.php?rest_route=%2Fwp%2Fv2%2Fcomments&post=219"}],"version-history":[{"count":9,"href":"https:\/\/ambf.com.br\/congresso\/index.php?rest_route=\/wp\/v2\/pages\/219\/revisions"}],"predecessor-version":[{"id":1235,"href":"https:\/\/ambf.com.br\/congresso\/index.php?rest_route=\/wp\/v2\/pages\/219\/revisions\/1235"}],"wp:attachment":[{"href":"https:\/\/ambf.com.br\/congresso\/index.php?rest_route=%2Fwp%2Fv2%2Fmedia&parent=219"}],"curies":[{"name":"wp","href":"https:\/\/api.w.org\/{rel}","templated":true}]}}