{"id":281,"date":"2023-05-30T16:53:26","date_gmt":"2023-05-30T19:53:26","guid":{"rendered":"https:\/\/ambf.com.br\/congresso\/?page_id=281"},"modified":"2024-05-27T09:38:11","modified_gmt":"2024-05-27T12:38:11","slug":"contato","status":"publish","type":"page","link":"https:\/\/ambf.com.br\/congresso\/?page_id=281","title":{"rendered":"CONTATO"},"content":{"rendered":"\n<h1 class=\"wp-block-heading\">CONTATO<\/h1>\n\n\n\n<h2 class=\"wp-block-heading\">Entre em contato conosco ou deixe aqui seu coment\u00e1rio:<\/h2>\n\n\n\n<p class=\"has-very-light-gray-background-color has-background\"><strong>INFORMA\u00c7\u00d5ES E CONTATOS:<\/strong><br>Email: contato@ambf.com.br<br>Tel.: (22)2210-9030<br>Whatsapp: (21)99250-5833 <br>Falar com MM Altiene Flores<\/p>\n\n\n<style>.kadence-form-_2122a1-7a .kb-form .kadence-blocks-form-field .kb-text-style-field, .kadence-form-_2122a1-7a .kb-form .kadence-blocks-form-field .kb-select-style-field{color:#000000;box-shadow:inset 1px 1px 2px 0px rgba(0, 0, 0, 0.2);}<\/style>\n<div class=\"wp-block-kadence-form kadence-form-_2122a1-7a kb-form-wrap\"><form class=\"kb-form\" action=\"\" method=\"post\"><div class=\"kadence-blocks-form-field kb-field-desk-width-100 kb-input-size-standard\"><label for=\"kb_field__2122a1-7a_0\">Nome:<span class=\"required\">*<\/span><\/label><input name=\"kb_field_0\" id=\"kb_field__2122a1-7a_0\" data-label=\"Nome:\" type=\"text\" placeholder=\"\" value=\"\" data-type=\"text\" class=\"kb-field kb-text-style-field kb-text-field kb-field-0\" data-required=\"yes\"\/><\/div><div class=\"kadence-blocks-form-field kb-form-field-1 kb-field-desk-width-100 kb-input-size-standard\"><label for=\"kb_field__2122a1-7a_1\">Email:<span class=\"required\">*<\/span><\/label><input name=\"kb_field_1\" id=\"kb_field__2122a1-7a_1\" data-label=\"Email:\" type=\"email\" placeholder=\"\" value=\"\" data-type=\"email\" class=\"kb-field kb-text-style-field kb-email-field kb-field-1\" data-required=\"yes\"\/><\/div><div class=\"kadence-blocks-form-field kb-form-field-2 kb-field-desk-width-100 kb-input-size-standard\"><label for=\"kb_field__2122a1-7a_2\">Assunto:<\/label><select name=\"kb_field_2\" id=\"kb_field__2122a1-7a_2\" data-label=\"Assunto:\" type=\"select\" value=\"\" data-type=\"select\" class=\"kb-field kb-select-style-field kb-select-field kb-field-2\"><option value=\"Selecione aqui\">Selecione aqui<\/option><option value=\"D\u00favidas\">D\u00favidas<\/option><option value=\"Sugest\u00f5es\">Sugest\u00f5es<\/option><option value=\"Coment\u00e1rios\">Coment\u00e1rios<\/option><option value=\"Outros\">Outros<\/option><\/select><\/div><div class=\"kadence-blocks-form-field kb-form-field-3 kb-field-desk-width-100 kb-input-size-standard\"><label for=\"kb_field__2122a1-7a_3\">Mensagem:<span class=\"required\">*<\/span><\/label><textarea name=\"kb_field_3\" id=\"kb_field__2122a1-7a_3\" data-label=\"Mensagem:\" type=\"textarea\" placeholder=\"\" data-type=\"textarea\" class=\"kb-field kb-text-style-field kb-textarea-field kb-field-3\" rows=\"4\" data-required=\"yes\"><\/textarea><\/div><input type=\"hidden\" name=\"_kb_form_id\" value=\"_2122a1-7a\"\/><input type=\"hidden\" name=\"_kb_form_post_id\" value=\"281\"\/><input type=\"hidden\" name=\"action\" value=\"kb_process_ajax_submit\"\/><input class=\"kadence-blocks-field verify\" type=\"text\" name=\"_kb_verify_email\" autocomplete=\"new-password\" aria-hidden=\"true\" placeholder=\"Email\" tabindex=\"-1\" data-1p-ignore=\"true\" data-lpignore=\"true\" \/><div class=\"kadence-blocks-form-field kb-submit-field kb-field-desk-width-100\"><button class=\"kb-forms-submit button kb-button-size-standard kb-button-width-auto\">Submit<\/button><\/div><\/form><\/div>\n<noscript><div class=\"kadence-blocks-form-message kadence-blocks-form-warning\">Please enable JavaScript in your browser to submit the form<\/div><style>.kadence-form-_2122a1-7a .kadence-blocks-form-field.kb-submit-field { display: none; }<\/style><\/noscript>","protected":false},"excerpt":{"rendered":"<p>CONTATO Entre em contato conosco ou deixe aqui seu coment\u00e1rio: INFORMA\u00c7\u00d5ES E CONTATOS:Email: contato@ambf.com.brTel.: (22)2210-9030Whatsapp: (21)99250-5833 Falar com MM Altiene Flores<\/p>\n","protected":false},"author":1,"featured_media":0,"parent":0,"menu_order":0,"comment_status":"open","ping_status":"closed","template":"","meta":{"kt_blocks_editor_width":"","footnotes":""},"class_list":["post-281","page","type-page","status-publish","hentry"],"_links":{"self":[{"href":"https:\/\/ambf.com.br\/congresso\/index.php?rest_route=\/wp\/v2\/pages\/281","targetHints":{"allow":["GET"]}}],"collection":[{"href":"https:\/\/ambf.com.br\/congresso\/index.php?rest_route=\/wp\/v2\/pages"}],"about":[{"href":"https:\/\/ambf.com.br\/congresso\/index.php?rest_route=\/wp\/v2\/types\/page"}],"author":[{"embeddable":true,"href":"https:\/\/ambf.com.br\/congresso\/index.php?rest_route=\/wp\/v2\/users\/1"}],"replies":[{"embeddable":true,"href":"https:\/\/ambf.com.br\/congresso\/index.php?rest_route=%2Fwp%2Fv2%2Fcomments&post=281"}],"version-history":[{"count":8,"href":"https:\/\/ambf.com.br\/congresso\/index.php?rest_route=\/wp\/v2\/pages\/281\/revisions"}],"predecessor-version":[{"id":823,"href":"https:\/\/ambf.com.br\/congresso\/index.php?rest_route=\/wp\/v2\/pages\/281\/revisions\/823"}],"wp:attachment":[{"href":"https:\/\/ambf.com.br\/congresso\/index.php?rest_route=%2Fwp%2Fv2%2Fmedia&parent=281"}],"curies":[{"name":"wp","href":"https:\/\/api.w.org\/{rel}","templated":true}]}}