{"id":58,"date":"2024-05-18T11:59:24","date_gmt":"2024-05-18T14:59:24","guid":{"rendered":"https:\/\/ambf.com.br\/congresso\/?page_id=58"},"modified":"2025-06-08T18:57:10","modified_gmt":"2025-06-08T21:57:10","slug":"quando","status":"publish","type":"page","link":"https:\/\/ambf.com.br\/congresso\/?page_id=58","title":{"rendered":"QUANDO"},"content":{"rendered":"\n<h1 class=\"wp-block-heading\">QUANDO<\/h1>\n\n\n\n<h2 class=\"wp-block-heading\">J\u00e1 sabe quando ser\u00e1 nosso Congresso?<\/h2>\n\n\n\n<p class=\"has-very-light-gray-background-color has-background\">Ele acontecer\u00e1 nos dias 3,4 e 5 de outubro de 2025.<\/p>\n\n\n\n<p>FALTAM<\/p>\n\n\n<style>.kb-countdown-container-_f42c71-0c{border-top-left-radius:0px;border-top-right-radius:0px;border-bottom-right-radius:0px;border-bottom-left-radius:0px;border-top-width:0px;border-right-width:0px;border-bottom-width:0px;border-left-width:0px;}.kb-countdown-container-_f42c71-0c .kb-countdown-date-item:not( .kb-countdown-divider-item ){border-top-left-radius:0px;border-top-right-radius:0px;border-bottom-right-radius:0px;border-bottom-left-radius:0px;}<\/style>\n<div class=\"wp-block-kadence-countdown kb-countdown-container kb-countdown-container-_f42c71-0c kb-countdown-timer-layout-block kb-countdown-has-timer\" data-id=\"_f42c71-0c\">\n<div class=\"wp-block-kadence-countdown-timer kb-countdown-timer-_d844f8-dc kb-countdown-timer\"><div class=\"kb-countdown-item kb-countdown-date-item\"><span class=\"kb-countdown-number\">\u00a0<\/span><span class=\"kb-countdown-label\">\u00a0<\/span><\/div><\/div>\n<\/div>\n\n\n\n<p>PARA NOSSO 43\u00ba CONGRESSO DA AMBF<\/p>\n\n\n\n<p class=\"has-very-light-gray-background-color has-background\"><a href=\"https:\/\/ambf.com.br\/congresso\/?page_id=219\" data-type=\"page\" data-id=\"219\">J\u00e1 fez sua inscri\u00e7\u00e3o? Clique aqui e n\u00e3o perca tempo, se n\u00e3o ficar\u00e1 sem sua vaga!<\/a><\/p>\n\n\n\n<p><\/p>\n","protected":false},"excerpt":{"rendered":"<p>QUANDO J\u00e1 sabe quando ser\u00e1 nosso Congresso? Ele acontecer\u00e1 nos dias 3,4 e 5 de outubro de 2025. FALTAM PARA NOSSO 43\u00ba CONGRESSO DA AMBF J\u00e1 fez sua inscri\u00e7\u00e3o? Clique aqui e n\u00e3o perca tempo, se n\u00e3o ficar\u00e1 sem sua &hellip; <a href=\"https:\/\/ambf.com.br\/congresso\/?page_id=58\">Conte\u00fado<\/a><\/p>\n","protected":false},"author":1,"featured_media":0,"parent":0,"menu_order":0,"comment_status":"open","ping_status":"closed","template":"","meta":{"kt_blocks_editor_width":"","footnotes":""},"class_list":["post-58","page","type-page","status-publish","hentry"],"_links":{"self":[{"href":"https:\/\/ambf.com.br\/congresso\/index.php?rest_route=\/wp\/v2\/pages\/58","targetHints":{"allow":["GET"]}}],"collection":[{"href":"https:\/\/ambf.com.br\/congresso\/index.php?rest_route=\/wp\/v2\/pages"}],"about":[{"href":"https:\/\/ambf.com.br\/congresso\/index.php?rest_route=\/wp\/v2\/types\/page"}],"author":[{"embeddable":true,"href":"https:\/\/ambf.com.br\/congresso\/index.php?rest_route=\/wp\/v2\/users\/1"}],"replies":[{"embeddable":true,"href":"https:\/\/ambf.com.br\/congresso\/index.php?rest_route=%2Fwp%2Fv2%2Fcomments&post=58"}],"version-history":[{"count":10,"href":"https:\/\/ambf.com.br\/congresso\/index.php?rest_route=\/wp\/v2\/pages\/58\/revisions"}],"predecessor-version":[{"id":1192,"href":"https:\/\/ambf.com.br\/congresso\/index.php?rest_route=\/wp\/v2\/pages\/58\/revisions\/1192"}],"wp:attachment":[{"href":"https:\/\/ambf.com.br\/congresso\/index.php?rest_route=%2Fwp%2Fv2%2Fmedia&parent=58"}],"curies":[{"name":"wp","href":"https:\/\/api.w.org\/{rel}","templated":true}]}}