{"id":72,"date":"2024-05-18T16:39:00","date_gmt":"2024-05-18T19:39:00","guid":{"rendered":"https:\/\/ambf.com.br\/congresso\/?page_id=72"},"modified":"2025-06-11T18:44:58","modified_gmt":"2025-06-11T21:44:58","slug":"duvidas","status":"publish","type":"page","link":"https:\/\/ambf.com.br\/congresso\/?page_id=72","title":{"rendered":"D\u00daVIDAS"},"content":{"rendered":"\n<h1 class=\"wp-block-heading\">D\u00daVIDAS<\/h1>\n\n\n\n<h2 class=\"wp-block-heading\">Perguntas frequentes<\/h2>\n\n\n\n<p class=\"has-midnight-gradient-background has-background\"><strong>Como fa\u00e7o minha inscri\u00e7\u00e3o?<\/strong><\/p>\n\n\n\n<p class=\"has-very-light-gray-background-color has-background\">Primeiro voc\u00ea deve fazer o pagamento de acordo com as op\u00e7\u00f5es na p\u00e1gina <a href=\"https:\/\/ambf.com.br\/congresso\/?page_id=54\" data-type=\"page\" data-id=\"54\">VALOR<\/a>. Depois voc\u00ea deve fazer o pagamento. Feito o pagamento, entre na p\u00e1gina <a href=\"https:\/\/ambf.com.br\/congresso\/?page_id=219\" data-type=\"page\" data-id=\"219\">FA\u00c7A SUA INSCRI\u00c7\u00c3O<\/a>, envie seus dados e seu comprovante. Voc\u00ea ser\u00e1 redirecionado para preencher sua FICHA DE INSCRI\u00c7\u00c3O, onde voc\u00ea enviar\u00e1 seus dados mais completos e sua escolha para qual oficina desejar participar. Confirme tudo, envie e aguarde receber por seu email a confirma\u00e7\u00e3o de sua inscri\u00e7\u00e3o. Ela ser\u00e1 feita por nossa equipe ao confirmarem seus dados e seu pagamento.<\/p>\n\n\n\n<p class=\"has-midnight-gradient-background has-background\"><strong>Fiz tudo corretamente mas ainda n\u00e3o recebi minha Confirma\u00e7\u00e3o de Inscri\u00e7\u00e3o?<\/strong><\/p>\n\n\n\n<p class=\"has-very-light-gray-background-color has-background\">Se por acaso voc\u00ea ainda n\u00e3o recebeu sua confirma\u00e7\u00e3o, entre em contato com o MM Alitene Flores (22)2210-9030 (Fixo) \/(21)99250-5833 &#8211; zap ou no email contato@ambf.com.br<\/p>\n\n\n\n<p class=\"has-midnight-gradient-background has-background\"><strong>Como fa\u00e7o para chegar na PIB em Araruama?<\/strong><\/p>\n\n\n\n<p class=\"has-very-light-gray-background-color has-background\">Entre na p\u00e1gina <a href=\"https:\/\/ambf.com.br\/congresso\/?page_id=49\" data-type=\"page\" data-id=\"49\">COMO CHEGAR<\/a>  e veja as orienta\u00e7\u00f5es e mapas.<\/p>\n\n\n\n<p class=\"has-midnight-gradient-background has-background\"><strong>Onde ficarei hospedado?<\/strong><\/p>\n\n\n\n<p class=\"has-very-light-gray-background-color has-background\">Todos os congressistas ficar\u00e3o hospedados em pousadas ou hot\u00e9is na cidade de Araruama.<br>N\u00e3o \u00e9 necess\u00e1rio levar roupa de cama e banho. Na sexta-feira, voc\u00ea deve se dirigir para PIB em Araruama e procurar a recep\u00e7\u00e3o para receber seu material e mais informa\u00e7\u00f5es. Logo ap\u00f3s o ensaio da tarde os \u00f4nibus levar\u00e3o os congressistas para a hospedagem.<\/p>\n\n\n\n<p class=\"has-midnight-gradient-background has-background\"><strong>Que horas come\u00e7ar\u00e1 a programa\u00e7\u00e3o na sexta-feira, dia 03?<\/strong><\/p>\n\n\n\n<p class=\"has-very-light-gray-background-color has-background\">A programa\u00e7\u00e3o ter\u00e1 in\u00edcio \u00e0s 14h. Mas, se puder, programe-se para chegar um pouco antes, para receber seu material e todas as informa\u00e7\u00f5es do Congresso.<\/p>\n\n\n\n<p class=\"has-midnight-gradient-background has-background\"><strong>O que devo levar?<\/strong><\/p>\n\n\n\n<p class=\"has-very-light-gray-background-color has-background\">N\u00e3o \u00e9 necess\u00e1rio levar roupa de cama e banho. pois voc\u00ea ficar\u00e1 hospedado nas Pousada e Hot\u00e9is da cidade. Por\u00e9m leve, suas roupas e utens\u00edlios b\u00e1sicos de higiene. N\u00e3o esque\u00e7a sua estante se for participar de alguma <a href=\"https:\/\/ambf.com.br\/congresso\/?page_id=20\" data-type=\"page\" data-id=\"20\">OFICINA<\/a> que tenha solicitado ou da orquestra.<\/p>\n\n\n\n<p class=\"has-midnight-gradient-background has-background\"><strong>Quais as oficinas e palestrantes que teremos neste ano?<\/strong><\/p>\n\n\n\n<p class=\"has-very-light-gray-background-color has-background\">Veja na p\u00e1gina <a href=\"https:\/\/ambf.com.br\/congresso\/?page_id=20\" data-type=\"page\" data-id=\"20\">OFICINAS<\/a> a lista e seus palestrantes e escolha a sua.<\/p>\n\n\n\n<p class=\"has-midnight-gradient-background has-background\"><strong>Posso escolher mais de uma oficina?<\/strong><\/p>\n\n\n\n<p class=\"has-very-light-gray-background-color has-background\">N\u00e3o. As oficinas oferecem uma variedade de conte\u00fados, e o tempo dispon\u00edvel n\u00e3o ser\u00e1 suficiente para que voc\u00ea aproveite com qualidade mais de uma ao mesmo tempo.<\/p>\n\n\n\n<p class=\"has-white-background-color has-background has-medium-font-size\"><strong>N\u00e3o achou aqui sua d\u00favida? Deixe aqui nos coment\u00e1rios, entre em <a href=\"https:\/\/ambf.com.br\/congresso\/?page_id=281\" data-type=\"page\" data-id=\"281\">CONTATO<\/a> conosco ou em nossa redes sociais.<\/strong><\/p>\n","protected":false},"excerpt":{"rendered":"<p>D\u00daVIDAS Perguntas frequentes Como fa\u00e7o minha inscri\u00e7\u00e3o? Primeiro voc\u00ea deve fazer o pagamento de acordo com as op\u00e7\u00f5es na p\u00e1gina VALOR. Depois voc\u00ea deve fazer o pagamento. Feito o pagamento, entre na p\u00e1gina FA\u00c7A SUA INSCRI\u00c7\u00c3O, envie seus dados e &hellip; <a href=\"https:\/\/ambf.com.br\/congresso\/?page_id=72\">Conte\u00fado<\/a><\/p>\n","protected":false},"author":1,"featured_media":0,"parent":0,"menu_order":0,"comment_status":"open","ping_status":"closed","template":"","meta":{"kt_blocks_editor_width":"","footnotes":""},"class_list":["post-72","page","type-page","status-publish","hentry"],"_links":{"self":[{"href":"https:\/\/ambf.com.br\/congresso\/index.php?rest_route=\/wp\/v2\/pages\/72","targetHints":{"allow":["GET"]}}],"collection":[{"href":"https:\/\/ambf.com.br\/congresso\/index.php?rest_route=\/wp\/v2\/pages"}],"about":[{"href":"https:\/\/ambf.com.br\/congresso\/index.php?rest_route=\/wp\/v2\/types\/page"}],"author":[{"embeddable":true,"href":"https:\/\/ambf.com.br\/congresso\/index.php?rest_route=\/wp\/v2\/users\/1"}],"replies":[{"embeddable":true,"href":"https:\/\/ambf.com.br\/congresso\/index.php?rest_route=%2Fwp%2Fv2%2Fcomments&post=72"}],"version-history":[{"count":11,"href":"https:\/\/ambf.com.br\/congresso\/index.php?rest_route=\/wp\/v2\/pages\/72\/revisions"}],"predecessor-version":[{"id":1226,"href":"https:\/\/ambf.com.br\/congresso\/index.php?rest_route=\/wp\/v2\/pages\/72\/revisions\/1226"}],"wp:attachment":[{"href":"https:\/\/ambf.com.br\/congresso\/index.php?rest_route=%2Fwp%2Fv2%2Fmedia&parent=72"}],"curies":[{"name":"wp","href":"https:\/\/api.w.org\/{rel}","templated":true}]}}